{"id":737,"date":"2025-04-12T11:12:34","date_gmt":"2025-04-12T11:12:34","guid":{"rendered":"https:\/\/anetalachendro.com\/?page_id=737"},"modified":"2025-04-12T11:32:49","modified_gmt":"2025-04-12T11:32:49","slug":"pracownia","status":"publish","type":"page","link":"https:\/\/anetalachendro.com\/index.php\/pracownia\/","title":{"rendered":"Pracownia"},"content":{"rendered":"\n<h2 class=\"wp-block-heading\"><strong>malarstwa i rysunku <\/strong><\/h2>\n\n\n\n<p>     Zapraszamy do naszej pracowni \u2013 miejsca, gdzie pasja spotyka si\u0119 z tw\u00f3rczo\u015bci\u0105, a sztuka staje si\u0119 dost\u0119pna dla ka\u017cdego, niezale\u017cnie od wieku czy poziomu zaawansowania. To przestrze\u0144, w kt\u00f3rej dzieci odkrywaj\u0105 rado\u015b\u0107 tworzenia, a doro\u015bli odnajduj\u0105 spok\u00f3j i inspiracj\u0119.<br>    Zaj\u0119cia dla najm\u0142odszych to pe\u0142ne kolor\u00f3w spotkania z wyobra\u017ani\u0105. Poprzez zabaw\u0119 form\u0105, kolorem i technik\u0105 rozwijamy zdolno\u015bci manualne, wyobra\u017ani\u0119 oraz wra\u017cliwo\u015b\u0107 i indywidualno\u015b\u0107 artystyczn\u0105. Natomiast  zaj\u0119cia dla doros\u0142ych to idealna okazja, by oderwa\u0107 si\u0119 od codzienno\u015bci i wej\u015b\u0107 w \u015bwiat sztuki. Niezale\u017cnie od tego, czy stawiasz pierwsze kreski, czy szlifujesz warsztat \u2013 znajdziesz tu inspiracj\u0119, wsparcie i tw\u00f3rcz\u0105 atmosfer\u0119 dostosowuj\u0105c program do Twoich potrzeb i zainteresowa\u0144. <\/p>\n\n\n\n<p>Oferujemy zaj\u0119cia indywidualne , zaj\u0119cia w kameralnych grupach , przyjazn\u0105 tw\u00f3rcz\u0105 atmosfer\u0119, mo\u017cliwo\u015b\u0107 uczestnictwa w wystawach i plenerach.<\/p>\n\n\n\n<p>Zaj\u0119cia odbywaj\u0105 si\u0119 w pracowni przy ulicy Go\u015bcinnej 4a w Inwa\u0142dzie, gmina Andrych\u00f3w.<\/p>\n","protected":false},"excerpt":{"rendered":"<p>malarstwa i rysunku Zapraszamy do naszej pracowni \u2013 miejsca, gdzie pasja spotyka si\u0119 z tw\u00f3rczo\u015bci\u0105, a sztuka staje si\u0119 dost\u0119pna dla ka\u017cdego, niezale\u017cnie od wieku czy poziomu zaawansowania. To przestrze\u0144, w kt\u00f3rej dzieci odkrywaj\u0105 rado\u015b\u0107 tworzenia, a doro\u015bli odnajduj\u0105 spok\u00f3j i inspiracj\u0119. Zaj\u0119cia dla najm\u0142odszych to pe\u0142ne kolor\u00f3w spotkania z wyobra\u017ani\u0105. Poprzez zabaw\u0119 form\u0105, kolorem&hellip;&nbsp;<a href=\"https:\/\/anetalachendro.com\/index.php\/pracownia\/\" rel=\"bookmark\">Dowiedz si\u0119 wi\u0119cej &raquo;<span class=\"screen-reader-text\">Pracownia<\/span><\/a><\/p>\n","protected":false},"author":1,"featured_media":0,"parent":0,"menu_order":0,"comment_status":"closed","ping_status":"closed","template":"","meta":{"neve_meta_sidebar":"","neve_meta_container":"","neve_meta_enable_content_width":"","neve_meta_content_width":0,"neve_meta_title_alignment":"","neve_meta_author_avatar":"","neve_post_elements_order":"","neve_meta_disable_header":"","neve_meta_disable_footer":"","neve_meta_disable_title":"","_themeisle_gutenberg_block_has_review":false,"footnotes":""},"class_list":["post-737","page","type-page","status-publish","hentry"],"yoast_head":"<!-- This site is optimized with the Yoast SEO plugin v25.2 - https:\/\/yoast.com\/wordpress\/plugins\/seo\/ -->\n<title>Pracownia - Aneta Lachendro Art<\/title>\n<meta name=\"robots\" content=\"index, follow, max-snippet:-1, max-image-preview:large, max-video-preview:-1\" \/>\n<link rel=\"canonical\" href=\"https:\/\/anetalachendro.com\/index.php\/pracownia\/\" \/>\n<meta property=\"og:locale\" content=\"pl_PL\" \/>\n<meta property=\"og:type\" content=\"article\" \/>\n<meta property=\"og:title\" content=\"Pracownia - Aneta Lachendro Art\" \/>\n<meta property=\"og:description\" content=\"malarstwa i rysunku Zapraszamy do naszej pracowni \u2013 miejsca, gdzie pasja spotyka si\u0119 z tw\u00f3rczo\u015bci\u0105, a sztuka staje si\u0119 dost\u0119pna dla ka\u017cdego, niezale\u017cnie od wieku czy poziomu zaawansowania. To przestrze\u0144, w kt\u00f3rej dzieci odkrywaj\u0105 rado\u015b\u0107 tworzenia, a doro\u015bli odnajduj\u0105 spok\u00f3j i inspiracj\u0119. Zaj\u0119cia dla najm\u0142odszych to pe\u0142ne kolor\u00f3w spotkania z wyobra\u017ani\u0105. Poprzez zabaw\u0119 form\u0105, kolorem&hellip;&nbsp;Dowiedz si\u0119 wi\u0119cej &raquo;Pracownia\" \/>\n<meta property=\"og:url\" content=\"https:\/\/anetalachendro.com\/index.php\/pracownia\/\" \/>\n<meta property=\"og:site_name\" content=\"Aneta Lachendro Art\" \/>\n<meta property=\"article:modified_time\" content=\"2025-04-12T11:32:49+00:00\" \/>\n<meta name=\"twitter:card\" content=\"summary_large_image\" \/>\n<meta name=\"twitter:label1\" content=\"Szacowany czas czytania\" \/>\n\t<meta name=\"twitter:data1\" content=\"1 minuta\" \/>\n<script type=\"application\/ld+json\" class=\"yoast-schema-graph\">{\"@context\":\"https:\/\/schema.org\",\"@graph\":[{\"@type\":\"WebPage\",\"@id\":\"https:\/\/anetalachendro.com\/index.php\/pracownia\/\",\"url\":\"https:\/\/anetalachendro.com\/index.php\/pracownia\/\",\"name\":\"Pracownia - Aneta Lachendro Art\",\"isPartOf\":{\"@id\":\"https:\/\/anetalachendro.com\/#website\"},\"datePublished\":\"2025-04-12T11:12:34+00:00\",\"dateModified\":\"2025-04-12T11:32:49+00:00\",\"breadcrumb\":{\"@id\":\"https:\/\/anetalachendro.com\/index.php\/pracownia\/#breadcrumb\"},\"inLanguage\":\"pl-PL\",\"potentialAction\":[{\"@type\":\"ReadAction\",\"target\":[\"https:\/\/anetalachendro.com\/index.php\/pracownia\/\"]}]},{\"@type\":\"BreadcrumbList\",\"@id\":\"https:\/\/anetalachendro.com\/index.php\/pracownia\/#breadcrumb\",\"itemListElement\":[{\"@type\":\"ListItem\",\"position\":1,\"name\":\"Strona g\u0142\u00f3wna\",\"item\":\"https:\/\/anetalachendro.com\/\"},{\"@type\":\"ListItem\",\"position\":2,\"name\":\"Pracownia\"}]},{\"@type\":\"WebSite\",\"@id\":\"https:\/\/anetalachendro.com\/#website\",\"url\":\"https:\/\/anetalachendro.com\/\",\"name\":\"Aneta Lachendro Art\",\"description\":\"\",\"potentialAction\":[{\"@type\":\"SearchAction\",\"target\":{\"@type\":\"EntryPoint\",\"urlTemplate\":\"https:\/\/anetalachendro.com\/?s={search_term_string}\"},\"query-input\":{\"@type\":\"PropertyValueSpecification\",\"valueRequired\":true,\"valueName\":\"search_term_string\"}}],\"inLanguage\":\"pl-PL\"}]}<\/script>\n<!-- \/ Yoast SEO plugin. -->","yoast_head_json":{"title":"Pracownia - Aneta Lachendro Art","robots":{"index":"index","follow":"follow","max-snippet":"max-snippet:-1","max-image-preview":"max-image-preview:large","max-video-preview":"max-video-preview:-1"},"canonical":"https:\/\/anetalachendro.com\/index.php\/pracownia\/","og_locale":"pl_PL","og_type":"article","og_title":"Pracownia - Aneta Lachendro Art","og_description":"malarstwa i rysunku Zapraszamy do naszej pracowni \u2013 miejsca, gdzie pasja spotyka si\u0119 z tw\u00f3rczo\u015bci\u0105, a sztuka staje si\u0119 dost\u0119pna dla ka\u017cdego, niezale\u017cnie od wieku czy poziomu zaawansowania. To przestrze\u0144, w kt\u00f3rej dzieci odkrywaj\u0105 rado\u015b\u0107 tworzenia, a doro\u015bli odnajduj\u0105 spok\u00f3j i inspiracj\u0119. Zaj\u0119cia dla najm\u0142odszych to pe\u0142ne kolor\u00f3w spotkania z wyobra\u017ani\u0105. Poprzez zabaw\u0119 form\u0105, kolorem&hellip;&nbsp;Dowiedz si\u0119 wi\u0119cej &raquo;Pracownia","og_url":"https:\/\/anetalachendro.com\/index.php\/pracownia\/","og_site_name":"Aneta Lachendro Art","article_modified_time":"2025-04-12T11:32:49+00:00","twitter_card":"summary_large_image","twitter_misc":{"Szacowany czas czytania":"1 minuta"},"schema":{"@context":"https:\/\/schema.org","@graph":[{"@type":"WebPage","@id":"https:\/\/anetalachendro.com\/index.php\/pracownia\/","url":"https:\/\/anetalachendro.com\/index.php\/pracownia\/","name":"Pracownia - Aneta Lachendro Art","isPartOf":{"@id":"https:\/\/anetalachendro.com\/#website"},"datePublished":"2025-04-12T11:12:34+00:00","dateModified":"2025-04-12T11:32:49+00:00","breadcrumb":{"@id":"https:\/\/anetalachendro.com\/index.php\/pracownia\/#breadcrumb"},"inLanguage":"pl-PL","potentialAction":[{"@type":"ReadAction","target":["https:\/\/anetalachendro.com\/index.php\/pracownia\/"]}]},{"@type":"BreadcrumbList","@id":"https:\/\/anetalachendro.com\/index.php\/pracownia\/#breadcrumb","itemListElement":[{"@type":"ListItem","position":1,"name":"Strona g\u0142\u00f3wna","item":"https:\/\/anetalachendro.com\/"},{"@type":"ListItem","position":2,"name":"Pracownia"}]},{"@type":"WebSite","@id":"https:\/\/anetalachendro.com\/#website","url":"https:\/\/anetalachendro.com\/","name":"Aneta Lachendro Art","description":"","potentialAction":[{"@type":"SearchAction","target":{"@type":"EntryPoint","urlTemplate":"https:\/\/anetalachendro.com\/?s={search_term_string}"},"query-input":{"@type":"PropertyValueSpecification","valueRequired":true,"valueName":"search_term_string"}}],"inLanguage":"pl-PL"}]}},"_links":{"self":[{"href":"https:\/\/anetalachendro.com\/index.php\/wp-json\/wp\/v2\/pages\/737","targetHints":{"allow":["GET"]}}],"collection":[{"href":"https:\/\/anetalachendro.com\/index.php\/wp-json\/wp\/v2\/pages"}],"about":[{"href":"https:\/\/anetalachendro.com\/index.php\/wp-json\/wp\/v2\/types\/page"}],"author":[{"embeddable":true,"href":"https:\/\/anetalachendro.com\/index.php\/wp-json\/wp\/v2\/users\/1"}],"replies":[{"embeddable":true,"href":"https:\/\/anetalachendro.com\/index.php\/wp-json\/wp\/v2\/comments?post=737"}],"version-history":[{"count":5,"href":"https:\/\/anetalachendro.com\/index.php\/wp-json\/wp\/v2\/pages\/737\/revisions"}],"predecessor-version":[{"id":746,"href":"https:\/\/anetalachendro.com\/index.php\/wp-json\/wp\/v2\/pages\/737\/revisions\/746"}],"wp:attachment":[{"href":"https:\/\/anetalachendro.com\/index.php\/wp-json\/wp\/v2\/media?parent=737"}],"curies":[{"name":"wp","href":"https:\/\/api.w.org\/{rel}","templated":true}]}}